{"id":1889,"date":"2019-12-13T11:55:54","date_gmt":"2019-12-13T10:55:54","guid":{"rendered":"https:\/\/dev.effecty.nl\/?page_id=1889"},"modified":"2024-07-02T15:03:44","modified_gmt":"2024-07-02T13:03:44","slug":"effecty-kreative-umgebung-buero-im-innovationscenter-hub73","status":"publish","type":"page","link":"https:\/\/affecty.nl\/de\/uber-effecty\/effecty-kreative-umgebung-buero-im-innovationscenter-hub73\/","title":{"rendered":"The office"},"content":{"rendered":"\n<h2 class=\"wp-block-heading\"><strong>Office &#8211; Die besten Ideen beginnen in einer inspirierenden Umgebung<\/strong><\/h2>\n\n\n\n<p>Um das Beste aus unseren Mitarbeitern herauszuholen, haben wir ein inspirierendes Umfeld geschaffen. Das sorgt nicht nur daf\u00fcr, dass jeder mit einem L\u00e4cheln zur Arbeit geht, sondern regt auch die Kreativit\u00e4t unseres Teams an. All dies kommt letztlich dem Kunden zugute.<\/p>\n\n\n\n<p>Unser B\u00fcro befindet sich am Witveldweg 100, Ausfahrt 11 Richtung Horst. Dieser Standort ist ein N\u00e4hrboden f\u00fcr Wissen, Innovation und Spitzentalente. Hier kommt unsere besondere Unternehmenskultur mit unbegrenztem Urlaub, viel Freiheit und viel Raum f\u00fcr pers\u00f6nliche Entfaltung zur Geltung! Wir arbeiten jeden Tag hart daran, Unternehmen auf die Landkarte zu bringen, f\u00fcr Kunden und neue Mitarbeiter gleicherma\u00dfen. Durch seine Lage direkt an der Autobahn A73 ist es zudem leicht zu erreichen.<\/p>\n\n\n\n<h2 class=\"wp-block-heading\"><strong>Unsere Arbeitsmethode<\/strong><\/h2>\n\n\n\n<p>Es ist nicht nur die Umgebung, die daf\u00fcr sorgt, dass unsere digitalen Helden ihre Arbeit effektiv erledigen. Bei Effecty arbeiten wir sowohl nach SCRUM als auch nach Agile. Dies gew\u00e4hrleistet eine st\u00e4rkere Fokussierung auf den Kunden, die Lieferung von Qualit\u00e4t und eine kontinuierliche Entwicklung des Teams. Unser multidisziplin\u00e4res Team wird zu einer Erweiterung des Marketingteams, des Marketingbeauftragten oder des Marketers.<\/p>\n\n\n\n<p>Neben der Tatsache, dass ein Arbeitsplatz inspirierend sein sollte, ist auch die Gesundheit unserer digitalen Helden wichtig. Daher hat jedes Mitglied des Effecty-Teams Zugang zu einem verstellbaren Schreibtisch, an dem es sowohl im Sitzen als auch im Stehen arbeiten kann. Es besteht auch die M\u00f6glichkeit, sich w\u00e4hrend der Arbeit aktiv zu bewegen, zum Beispiel auf einem Heimtrainer.<\/p>\n\n\n\n<h3 class=\"wp-block-heading\">Lernen wir uns kennen!<\/h3>\n\n\n\n<p>Sind Sie neugierig auf unser B\u00fcro oder unser Unternehmen? Sie sind herzlich willkommen zu einer Tasse Kaffee und einer Besichtigung. W\u00fcrden Sie gerne in diesem inspirierenden Umfeld arbeiten? Dann werfen Sie einen Blick auf unsere Stellenangebote, und wer wei\u00df, vielleicht arbeiten Sie schon bald in unserem begeisterten Team!<\/p>\n\n\n\n<div class=\"wp-block-button\"><a class=\"wp-block-button__link wp-element-button\" href=\"https:\/\/affecty.nl\/de\/uber-effecty\/kontakt\/\">Plannen Sie Ihr erstes Meeting zum Kennenlernen!<\/a><\/div>\n\n\n\n<p><\/p>\n","protected":false},"excerpt":{"rendered":"<p>Office &#8211; Die besten Ideen beginnen in einer inspirierenden Umgebung Um das Beste aus unseren Mitarbeitern herauszuholen, haben wir ein &hellip;<\/p>\n","protected":false},"author":1,"featured_media":11403,"parent":1854,"menu_order":0,"comment_status":"closed","ping_status":"closed","template":"tl-services.php","meta":{"_acf_changed":false,"footnotes":""},"class_list":["post-1889","page","type-page","status-publish","has-post-thumbnail","hentry"],"acf":[],"_links":{"self":[{"href":"https:\/\/affecty.nl\/de\/wp-json\/wp\/v2\/pages\/1889","targetHints":{"allow":["GET"]}}],"collection":[{"href":"https:\/\/affecty.nl\/de\/wp-json\/wp\/v2\/pages"}],"about":[{"href":"https:\/\/affecty.nl\/de\/wp-json\/wp\/v2\/types\/page"}],"author":[{"embeddable":true,"href":"https:\/\/affecty.nl\/de\/wp-json\/wp\/v2\/users\/1"}],"replies":[{"embeddable":true,"href":"https:\/\/affecty.nl\/de\/wp-json\/wp\/v2\/comments?post=1889"}],"version-history":[{"count":2,"href":"https:\/\/affecty.nl\/de\/wp-json\/wp\/v2\/pages\/1889\/revisions"}],"predecessor-version":[{"id":11633,"href":"https:\/\/affecty.nl\/de\/wp-json\/wp\/v2\/pages\/1889\/revisions\/11633"}],"up":[{"embeddable":true,"href":"https:\/\/affecty.nl\/de\/wp-json\/wp\/v2\/pages\/1854"}],"wp:featuredmedia":[{"embeddable":true,"href":"https:\/\/affecty.nl\/de\/wp-json\/wp\/v2\/media\/11403"}],"wp:attachment":[{"href":"https:\/\/affecty.nl\/de\/wp-json\/wp\/v2\/media?parent=1889"}],"curies":[{"name":"wp","href":"https:\/\/api.w.org\/{rel}","templated":true}]}}